{"id":1699,"date":"2026-03-10T18:18:39","date_gmt":"2026-03-10T17:18:39","guid":{"rendered":"https:\/\/chevou.com\/?post_type=product&#038;p=1699"},"modified":"2026-04-07T11:09:37","modified_gmt":"2026-04-07T09:09:37","slug":"formule-du-mardi-21-avril-2026","status":"publish","type":"product","link":"https:\/\/chevou.com\/index.php\/produit\/formule-du-mardi-21-avril-2026\/","title":{"rendered":"Formule du mardi 21 avril 2026"},"content":{"rendered":"<p>Carottes r\u00e2p\u00e9es \u00e0 l\u2019aigre douce \/ Travers de porc au paprika fum\u00e9 \/<br \/>\nChoucroute \/ Compote de poire et pain d\u2019\u00e9pices<\/p>\n","protected":false},"excerpt":{"rendered":"<p>Carottes r\u00e2p\u00e9es \u00e0 l\u2019aigre douce \/ Travers de porc au paprika fum\u00e9 \/ Choucroute \/ Compote de poire et pain d\u2019\u00e9pices<\/p>\n","protected":false},"featured_media":0,"template":"","meta":{"_acf_changed":false,"_et_pb_use_builder":"","_et_pb_old_content":"","_et_gb_content_width":""},"product_brand":[],"product_cat":[50],"product_tag":[],"class_list":{"0":"post-1699","1":"product","2":"type-product","3":"status-publish","5":"product_cat-formule","7":"first","8":"instock","9":"taxable","10":"shipping-taxable","11":"purchasable","12":"product-type-simple"},"acf":[],"_links":{"self":[{"href":"https:\/\/chevou.com\/index.php\/wp-json\/wp\/v2\/product\/1699","targetHints":{"allow":["GET"]}}],"collection":[{"href":"https:\/\/chevou.com\/index.php\/wp-json\/wp\/v2\/product"}],"about":[{"href":"https:\/\/chevou.com\/index.php\/wp-json\/wp\/v2\/types\/product"}],"wp:attachment":[{"href":"https:\/\/chevou.com\/index.php\/wp-json\/wp\/v2\/media?parent=1699"}],"wp:term":[{"taxonomy":"product_brand","embeddable":true,"href":"https:\/\/chevou.com\/index.php\/wp-json\/wp\/v2\/product_brand?post=1699"},{"taxonomy":"product_cat","embeddable":true,"href":"https:\/\/chevou.com\/index.php\/wp-json\/wp\/v2\/product_cat?post=1699"},{"taxonomy":"product_tag","embeddable":true,"href":"https:\/\/chevou.com\/index.php\/wp-json\/wp\/v2\/product_tag?post=1699"}],"curies":[{"name":"wp","href":"https:\/\/api.w.org\/{rel}","templated":true}]}}